{"id":2,"date":"2016-05-10T03:48:21","date_gmt":"2016-05-10T03:48:21","guid":{"rendered":"http:\/\/bs-klimaservice.de\/?page_id=2"},"modified":"2025-07-30T08:52:16","modified_gmt":"2025-07-30T08:52:16","slug":"sample-page","status":"publish","type":"page","link":"https:\/\/bs-klimaservice.de\/","title":{"rendered":"Willkommen bei B &#038; S &#8211; Ihr Partner in der K\u00e4lte und Klimatechnik"},"content":{"rendered":"\n<div class=\"wp-block-cover alignfull\" style=\"margin-top:0;padding-top:5vw;padding-right:5vw;padding-bottom:5vw;padding-left:5vw\"><span aria-hidden=\"true\" class=\"wp-block-cover__background has-background-dim-100 has-background-dim\" style=\"background-color:#d1362a\"><\/span><div class=\"wp-block-cover__inner-container\">\n<div class=\"wp-block-group is-layout-flex wp-container-6\">\n<div class=\"wp-block-group wp-container-content-1 is-layout-flow\"><div class=\"wp-block-group__inner-container\">\n<p class=\"has-text-align-left has-black-color has-text-color\" style=\"font-size:148px;font-style:normal;font-weight:700;letter-spacing:-4px;line-height:0.9;text-transform:none\">Wir sind umgezogen: Borsigstr. 1 in Heusenstamm Tel: 06104-8025910 <\/p>\n<\/div><\/div>\n\n\n\n<div class=\"wp-block-group wp-container-content-4 is-vertical is-nowrap is-layout-flex wp-container-5\">\n<div class=\"wp-block-buttons is-layout-flex\"><\/div>\n<\/div>\n<\/div>\n<\/div><\/div>\n\n\n<h2><\/h2>\n<h2 style=\"text-align: center;\"><\/h2>\n<h4 style=\"text-align: center;\">B &amp; S ist ein Familienunternehmen, das bereits \u00fcber viele Jahre im Bereich der Montagearbeit und Servicearbeit in der Klima- und K\u00e4ltetechnik t\u00e4tig ist.<\/h4>\n<h4 style=\"text-align: center;\">F\u00fcr unsere Kunden bieten wir die Sicherheit, die ein Kunde verdient. Schnelle Abwicklung, faire Preisgestaltung, Service von A-Z aus einer Hand.<\/h4>\n<h4 style=\"text-align: center;\">Als zuverl\u00e4ssiger und loyaler Partner diverser namenhafter K\u00e4lte-\/ Klima-Fachbetriebe, stellten wir \u00fcber viele Jahre eine Konstante f\u00fcr unsere Auftraggeber dar. Durch uns, gab es keine Engp\u00e4sse in der Auftragsannahme mehr.<\/h4>\n<h4 style=\"text-align: center;\">Dank der positiven und lebendigen Entwicklung unseres Unternehmens, sind wir heute in der gl\u00fccklichen Lage, selbst einige Nachunternehmer zu besch\u00e4ftigen.<\/h4>\n<h4 style=\"text-align: center;\">Wir freuen uns, auch in Zukunft weitere Bereiche in unsere Firmenstruktur aufzunehmen zu k\u00f6nnen.<\/h4>\n<h4 style=\"text-align: center;\"><strong>&nbsp;<\/strong><\/h4>\n<h4 style=\"text-align: center;\">Schauen Sie sich auf unserer Internetseite um. Es w\u00fcrde uns freuen wenn wir auch Sie neugierig auf unseren Service gemacht haben und uns vorstellen d\u00fcrfen. Testen Sie unsere Leistungen, wir freuen uns auf Ihre Anfrage.<\/h4>\n<h4 style=\"text-align: center;\"><strong>Wir sind Fachpartner der Firma Daikin:<\/strong><\/h4>\n<h3 style=\"text-align: center;\"><a href=\"http:\/\/www.daikin.de\/de_de\/dealer-locator\/352175.html\" target=\"_blank\" rel=\"noopener noreferrer\">Schauen sie sich unser Partnerprofil an<\/a><\/h3>\n<h4><img decoding=\"async\" loading=\"lazy\" class=\"size-full wp-image-356 aligncenter\" src=\"http:\/\/bs-klimaservice.de\/wp-content\/uploads\/2018\/05\/Daikin-Fachpartner.jpg\" alt=\"\" width=\"225\" height=\"224\" srcset=\"https:\/\/bs-klimaservice.de\/wp-content\/uploads\/2018\/05\/Daikin-Fachpartner.jpg 225w, https:\/\/bs-klimaservice.de\/wp-content\/uploads\/2018\/05\/Daikin-Fachpartner-150x150.jpg 150w\" sizes=\"(max-width: 225px) 100vw, 225px\" \/><\/h4>\n<p><span style=\"border-radius: 2px; text-indent: 20px; width: auto; padding: 0px 4px 0px 0px; text-align: center; font: bold 11px\/20px 'Helvetica Neue',Helvetica,sans-serif; color: #ffffff; background: #bd081c no-repeat scroll 3px 50% \/ 14px 14px; position: absolute; opacity: 1; z-index: 8675309; display: none; cursor: pointer;\">Merken<\/span><\/p>\n<p><span style=\"border-radius: 2px; text-indent: 20px; width: auto; padding: 0px 4px 0px 0px; text-align: center; font: bold 11px\/20px 'Helvetica Neue',Helvetica,sans-serif; color: #ffffff; background: #bd081c no-repeat scroll 3px 50% \/ 14px 14px; position: absolute; opacity: 1; z-index: 8675309; display: none; cursor: pointer;\">Merken<\/span><\/p>\n<p><span style=\"border-radius: 2px; text-indent: 20px; width: auto; padding: 0px 4px 0px 0px; text-align: center; font: bold 11px\/20px 'Helvetica Neue',Helvetica,sans-serif; color: #ffffff; background: #bd081c no-repeat scroll 3px 50% \/ 14px 14px; position: absolute; opacity: 1; z-index: 8675309; display: none; cursor: pointer;\">Merken<\/span><\/p>\n<p><span style=\"border-radius: 2px; text-indent: 20px; width: auto; padding: 0px 4px 0px 0px; text-align: center; font: bold 11px\/20px 'Helvetica Neue',Helvetica,sans-serif; color: #ffffff; background: #bd081c no-repeat scroll 3px 50% \/ 14px 14px; position: absolute; opacity: 1; z-index: 8675309; display: none; cursor: pointer;\">Merken<\/span><\/p>\n<p><span style=\"border-radius: 2px; text-indent: 20px; width: auto; padding: 0px 4px 0px 0px; text-align: center; font: bold 11px\/20px 'Helvetica Neue',Helvetica,sans-serif; color: #ffffff; background: #bd081c no-repeat scroll 3px 50% \/ 14px 14px; position: absolute; opacity: 1; z-index: 8675309; display: none; cursor: pointer;\">Merken<\/span><\/p>\n<p><span style=\"border-radius: 2px; text-indent: 20px; width: auto; padding: 0px 4px 0px 0px; text-align: center; font: bold 11px\/20px 'Helvetica Neue',Helvetica,sans-serif; color: #ffffff; background: #bd081c no-repeat scroll 3px 50% \/ 14px 14px; position: absolute; opacity: 1; z-index: 8675309; display: none; cursor: pointer;\">Merken<\/span><\/p>\n<p><span style=\"border-radius: 2px; text-indent: 20px; width: auto; padding: 0px 4px 0px 0px; text-align: center; font: bold 11px\/20px 'Helvetica Neue',Helvetica,sans-serif; color: #ffffff; background: #bd081c no-repeat scroll 3px 50% \/ 14px 14px; position: absolute; opacity: 1; z-index: 8675309; display: none; cursor: pointer;\">Merken<\/span><\/p>\n<p><span style=\"border-radius: 2px; text-indent: 20px; width: auto; padding: 0px 4px 0px 0px; text-align: center; font: bold 11px\/20px 'Helvetica Neue',Helvetica,sans-serif; color: #ffffff; background: #bd081c no-repeat scroll 3px 50% \/ 14px 14px; position: absolute; opacity: 1; z-index: 8675309; display: none; cursor: pointer;\">Merken<\/span><\/p>\n<p><span style=\"border-radius: 2px; text-indent: 20px; width: auto; padding: 0px 4px 0px 0px; text-align: center; font: bold 11px\/20px 'Helvetica Neue',Helvetica,sans-serif; color: #ffffff; background: #bd081c no-repeat scroll 3px 50% \/ 14px 14px; position: absolute; opacity: 1; z-index: 8675309; display: none; cursor: pointer;\">Merken<\/span><\/p>\n<p><span style=\"border-radius: 2px; text-indent: 20px; width: auto; padding: 0px 4px 0px 0px; text-align: center; font: bold 11px\/20px 'Helvetica Neue',Helvetica,sans-serif; color: #ffffff; background: #bd081c no-repeat scroll 3px 50% \/ 14px 14px; position: absolute; opacity: 1; z-index: 8675309; display: none; cursor: pointer;\">Merken<\/span><\/p>\n<p><span style=\"border-radius: 2px; text-indent: 20px; width: auto; padding: 0px 4px 0px 0px; text-align: center; font: bold 11px\/20px 'Helvetica Neue',Helvetica,sans-serif; color: #ffffff; background: #bd081c no-repeat scroll 3px 50% \/ 14px 14px; position: absolute; opacity: 1; z-index: 8675309; display: none; cursor: pointer;\">Merken<\/span><\/p>\n\n\n<div class=\"wp-block-buttons alignfull is-content-justification-center is-layout-flex wp-container-7\"><\/div>\n","protected":false},"excerpt":{"rendered":"<p>B &amp; S ist ein Familienunternehmen, das bereits \u00fcber viele Jahre im Bereich der Montagearbeit und Servicearbeit in der Klima- und K\u00e4ltetechnik t\u00e4tig ist. F\u00fcr unsere Kunden bieten wir die Sicherheit, die ein Kunde verdient. Schnelle Abwicklung, faire Preisgestaltung, Service von A-Z aus einer Hand. Als zuverl\u00e4ssiger und loyaler Partner diverser namenhafter K\u00e4lte-\/ Klima-Fachbetriebe, stellten [&hellip;]<\/p>\n","protected":false},"author":1,"featured_media":0,"parent":0,"menu_order":1,"comment_status":"closed","ping_status":"closed","template":"","meta":[],"_links":{"self":[{"href":"https:\/\/bs-klimaservice.de\/index.php?rest_route=\/wp\/v2\/pages\/2"}],"collection":[{"href":"https:\/\/bs-klimaservice.de\/index.php?rest_route=\/wp\/v2\/pages"}],"about":[{"href":"https:\/\/bs-klimaservice.de\/index.php?rest_route=\/wp\/v2\/types\/page"}],"author":[{"embeddable":true,"href":"https:\/\/bs-klimaservice.de\/index.php?rest_route=\/wp\/v2\/users\/1"}],"replies":[{"embeddable":true,"href":"https:\/\/bs-klimaservice.de\/index.php?rest_route=%2Fwp%2Fv2%2Fcomments&post=2"}],"version-history":[{"count":43,"href":"https:\/\/bs-klimaservice.de\/index.php?rest_route=\/wp\/v2\/pages\/2\/revisions"}],"predecessor-version":[{"id":487,"href":"https:\/\/bs-klimaservice.de\/index.php?rest_route=\/wp\/v2\/pages\/2\/revisions\/487"}],"wp:attachment":[{"href":"https:\/\/bs-klimaservice.de\/index.php?rest_route=%2Fwp%2Fv2%2Fmedia&parent=2"}],"curies":[{"name":"wp","href":"https:\/\/api.w.org\/{rel}","templated":true}]}}