{"id":290,"date":"2017-11-14T10:07:27","date_gmt":"2017-11-14T10:07:27","guid":{"rendered":"http:\/\/bs-klimaservice.de\/?page_id=290"},"modified":"2017-11-14T11:46:28","modified_gmt":"2017-11-14T11:46:28","slug":"kaufmaennische-sachbearbeiterin-mw","status":"publish","type":"page","link":"http:\/\/bs-klimaservice.de\/?page_id=290","title":{"rendered":"Kaufm\u00e4nnische Sachbearbeiterin (m\/w)"},"content":{"rendered":"<p>Wir suchen zum n\u00e4chstm\u00f6glichen Termin f\u00fcr unseren Betrieb in Offenbach eine\/n kaufm\u00e4nnische\/n Sachbearbeiter\/in.<\/p>\n<p><b>Das machen Sie bei uns: <\/b><\/p>\n<ul>\n<li>Abwicklung telefonischer Anfragen<\/li>\n<li>\u00dcberwachung der eingehenden Mails<\/li>\n<li>Terminverwaltung<\/li>\n<li>allgemeine B\u00fcrot\u00e4tigkeiten<\/li>\n<li>Angebotserstellung<\/li>\n<\/ul>\n<p><b>Das bringen Sie mit: <\/b><\/p>\n<ul>\n<li>Berufserfahrung ist w\u00fcnschenswert<\/li>\n<li>Teamf\u00e4higkeit, Zuverl\u00e4ssigkeit und eine sorgf\u00e4ltige Arbeitsweise<\/li>\n<li>Ein freundliches und kundenorientiertes Auftreten<\/li>\n<li>Spa\u00df an der ArbeitGerne stehen wir Ihnen auch f\u00fcr weitere Fragen zur Verf\u00fcgung. Ihre vollst\u00e4ndigen Bewerbungsunterlagen (inklusive Zeugnisse, fr\u00fchestm\u00f6glicher Eintrittstermin und Gehaltsvorstellung) senden Sie bitte vorzugsweise per E-Mail.Art der Stelle: VollzeitErforderliche Sprachkenntnisse:\n<ul>\n<li>Deutsch<\/li>\n<\/ul>\n<\/li>\n<\/ul>\n","protected":false},"excerpt":{"rendered":"<p>Wir suchen zum n\u00e4chstm\u00f6glichen Termin f\u00fcr unseren Betrieb in Offenbach eine\/n kaufm\u00e4nnische\/n Sachbearbeiter\/in. Das machen Sie bei uns: Abwicklung telefonischer Anfragen \u00dcberwachung der eingehenden Mails Terminverwaltung allgemeine B\u00fcrot\u00e4tigkeiten Angebotserstellung Das bringen Sie mit: Berufserfahrung ist w\u00fcnschenswert Teamf\u00e4higkeit, Zuverl\u00e4ssigkeit und eine sorgf\u00e4ltige Arbeitsweise Ein freundliches und kundenorientiertes Auftreten Spa\u00df an der ArbeitGerne stehen wir Ihnen auch [&hellip;]<\/p>\n","protected":false},"author":1,"featured_media":0,"parent":0,"menu_order":0,"comment_status":"closed","ping_status":"closed","template":"","meta":[],"_links":{"self":[{"href":"http:\/\/bs-klimaservice.de\/index.php?rest_route=\/wp\/v2\/pages\/290"}],"collection":[{"href":"http:\/\/bs-klimaservice.de\/index.php?rest_route=\/wp\/v2\/pages"}],"about":[{"href":"http:\/\/bs-klimaservice.de\/index.php?rest_route=\/wp\/v2\/types\/page"}],"author":[{"embeddable":true,"href":"http:\/\/bs-klimaservice.de\/index.php?rest_route=\/wp\/v2\/users\/1"}],"replies":[{"embeddable":true,"href":"http:\/\/bs-klimaservice.de\/index.php?rest_route=%2Fwp%2Fv2%2Fcomments&post=290"}],"version-history":[{"count":1,"href":"http:\/\/bs-klimaservice.de\/index.php?rest_route=\/wp\/v2\/pages\/290\/revisions"}],"predecessor-version":[{"id":291,"href":"http:\/\/bs-klimaservice.de\/index.php?rest_route=\/wp\/v2\/pages\/290\/revisions\/291"}],"wp:attachment":[{"href":"http:\/\/bs-klimaservice.de\/index.php?rest_route=%2Fwp%2Fv2%2Fmedia&parent=290"}],"curies":[{"name":"wp","href":"https:\/\/api.w.org\/{rel}","templated":true}]}}